{"id":88,"date":"2025-09-24T17:57:29","date_gmt":"2025-09-24T15:57:29","guid":{"rendered":"https:\/\/laurentischlerneurocoach.com\/?page_id=88"},"modified":"2025-10-21T14:25:13","modified_gmt":"2025-10-21T12:25:13","slug":"masterclass","status":"publish","type":"page","link":"https:\/\/laurentischlerneurocoach.com\/index.php\/masterclass\/","title":{"rendered":"MASTERCLASS"},"content":{"rendered":"<p>[et_pb_section fb_built=\u00bb1&#8243; _builder_version=\u00bb4.27.4&#8243; _module_preset=\u00bbdefault\u00bb global_colors_info=\u00bb{}\u00bb][et_pb_row _builder_version=\u00bb4.27.4&#8243; _module_preset=\u00bbdefault\u00bb global_colors_info=\u00bb{}\u00bb][et_pb_column type=\u00bb4_4&#8243; _builder_version=\u00bb4.27.4&#8243; _module_preset=\u00bbdefault\u00bb global_colors_info=\u00bb{}\u00bb][et_pb_text _builder_version=\u00bb4.27.4&#8243; _module_preset=\u00bbdefault\u00bb text_font=\u00bbTimes New Roman||||||||\u00bb text_text_color=\u00bb#000000&#8243; text_font_size=\u00bb30px\u00bb text_orientation=\u00bbcenter\u00bb min_height=\u00bb36.8px\u00bb global_colors_info=\u00bb{}\u00bb]<\/p>\n<p><strong>Acci\u00f3n consistente: del intento al h\u00e1bito<\/strong><i><span style=\"font-weight: 400;\"><br \/><\/span><\/i><\/p>\n<p>[\/et_pb_text][et_pb_text _builder_version=\u00bb4.27.4&#8243; _module_preset=\u00bbdefault\u00bb text_font=\u00bbPoppins||||||||\u00bb text_text_color=\u00bb#000000&#8243; text_font_size=\u00bb18px\u00bb text_orientation=\u00bbcenter\u00bb min_height=\u00bb32.8px\u00bb custom_margin=\u00bb-25px||||false|false\u00bb global_colors_info=\u00bb{}\u00bb]<\/p>\n<p>90 minutos para entender por qu\u00e9 posterg\u00e1s y c\u00f3mo accionar desde ma\u00f1ana.<\/p>\n<p>[\/et_pb_text][et_pb_text _builder_version=\u00bb4.27.4&#8243; _module_preset=\u00bbdefault\u00bb text_font=\u00bbTimes New Roman||||||||\u00bb text_text_color=\u00bb#000000&#8243; text_font_size=\u00bb26px\u00bb text_line_height=\u00bb1.8em\u00bb background_color=\u00bb#c3d3db\u00bb text_orientation=\u00bbcenter\u00bb width=\u00bb25%\u00bb global_colors_info=\u00bb{}\u00bb]<\/p>\n<p><span data-huuid=\"11504477740686814011\">\u00bf<\/span>Que vas a Aprender?<\/p>\n<p>[\/et_pb_text][et_pb_text _builder_version=\u00bb4.27.4&#8243; _module_preset=\u00bbdefault\u00bb text_font=\u00bbPoppins||||||||\u00bb text_text_color=\u00bb#000000&#8243; text_font_size=\u00bb16px\u00bb global_colors_info=\u00bb{}\u00bb]<\/p>\n<p>Esta Masterclass es una gu\u00eda pr\u00e1ctica para quienes sienten que saben lo que tienen que hacer, pero igual lo postergan.<br \/>Desde la neurociencia y la pr\u00e1ctica del coaching, <strong>vas a descubrir:<\/strong><\/p>\n<p>[\/et_pb_text][et_pb_text _builder_version=\u00bb4.27.4&#8243; _module_preset=\u00bbdefault\u00bb text_font=\u00bbPoppins||||||||\u00bb text_text_color=\u00bb#000000&#8243; text_font_size=\u00bb16px\u00bb global_colors_info=\u00bb{}\u00bb]<\/p>\n<ul>\n<li>Por qu\u00e9 tu cerebro te lleva a procrastinar (y c\u00f3mo dejar de pelear con \u00e9l).<\/li>\n<li>C\u00f3mo transformar el \u201cintento\u201d en acci\u00f3n sostenida.<\/li>\n<li>El sistema de h\u00e1bitos m\u00ednimos instalables que pod\u00e9s aplicar desde el d\u00eda siguiente.<\/li>\n<li>Estrategias para mantener foco y motivaci\u00f3n sin depender de la fuerza de voluntad.<\/li>\n<\/ul>\n<p>[\/et_pb_text][et_pb_text _builder_version=\u00bb4.27.4&#8243; _module_preset=\u00bbdefault\u00bb text_font=\u00bbTimes New Roman||||||||\u00bb text_text_color=\u00bb#000000&#8243; text_font_size=\u00bb26px\u00bb text_line_height=\u00bb1.8em\u00bb background_color=\u00bb#c3d3db\u00bb text_orientation=\u00bbcenter\u00bb width=\u00bb25%\u00bb global_colors_info=\u00bb{}\u00bb]<\/p>\n<p>Ideal para:\u00a0<\/p>\n<p>[\/et_pb_text][et_pb_text _builder_version=\u00bb4.27.4&#8243; _module_preset=\u00bbdefault\u00bb text_font=\u00bbPoppins||||||||\u00bb text_text_color=\u00bb#000000&#8243; text_font_size=\u00bb16px\u00bb global_colors_info=\u00bb{}\u00bb]<\/p>\n<p>L\u00edderes, emprendedores y equipos que gestionan m\u00faltiples frentes y necesitan resultados sin agotamiento.<\/p>\n<p>[\/et_pb_text][et_pb_text _builder_version=\u00bb4.27.4&#8243; _module_preset=\u00bbdefault\u00bb text_font=\u00bbTimes New Roman||||||||\u00bb text_text_color=\u00bb#000000&#8243; text_font_size=\u00bb26px\u00bb text_line_height=\u00bb1.8em\u00bb background_color=\u00bb#c3d3db\u00bb text_orientation=\u00bbcenter\u00bb width=\u00bb25%\u00bb global_colors_info=\u00bb{}\u00bb]<\/p>\n<p>Incluye:\u00a0<\/p>\n<p>[\/et_pb_text][et_pb_text _builder_version=\u00bb4.27.4&#8243; _module_preset=\u00bbdefault\u00bb text_font=\u00bbPoppins||||||||\u00bb text_text_color=\u00bb#000000&#8243; text_font_size=\u00bb16px\u00bb global_colors_info=\u00bb{}\u00bb]<\/p>\n<ul>\n<li>Workbook descargable con ejercicios guiados.<\/li>\n<li>Tablero de planificaci\u00f3n de h\u00e1bitos.<\/li>\n<li>Gu\u00eda + guion anti-procrastinaci\u00f3n.<\/li>\n<li>Resultado de la experiencia.<\/li>\n<li>Sal\u00eds con una hoja de ruta concreta para convertir la intenci\u00f3n en acci\u00f3n diaria \u2014y entender c\u00f3mo usar tu cerebro a tu favor para lograrlo.<\/li>\n<\/ul>\n<p>[\/et_pb_text][et_pb_button button_url=\u00bbhttps:\/\/api.whatsapp.com\/send\/?phone=595972638242&#038;text&#038;type=phone_number&#038;app_absent=0&#8243; button_text=\u00bbQuiero llevar esta masterclass a mi equipo\u00bb button_alignment=\u00bbcenter\u00bb _builder_version=\u00bb4.27.4&#8243; _module_preset=\u00bbdefault\u00bb custom_button=\u00bbon\u00bb button_text_color=\u00bb#FFFFFF\u00bb button_bg_color=\u00bb#000856&#8243; button_border_color=\u00bb#000856&#8243; global_colors_info=\u00bb{}\u00bb][\/et_pb_button][\/et_pb_column][\/et_pb_row][\/et_pb_section][et_pb_section fb_built=\u00bb1&#8243; _builder_version=\u00bb4.27.4&#8243; _module_preset=\u00bbdefault\u00bb background_color=\u00bb#00457a\u00bb custom_padding=\u00bb0px||||false|false\u00bb global_colors_info=\u00bb{}\u00bb][et_pb_row _builder_version=\u00bb4.27.4&#8243; _module_preset=\u00bbdefault\u00bb global_colors_info=\u00bb{}\u00bb][et_pb_column type=\u00bb4_4&#8243; _builder_version=\u00bb4.27.4&#8243; _module_preset=\u00bbdefault\u00bb global_colors_info=\u00bb{}\u00bb][et_pb_text _builder_version=\u00bb4.27.4&#8243; _module_preset=\u00bbdefault\u00bb header_text_align=\u00bbcenter\u00bb header_text_color=\u00bb#FFFFFF\u00bb global_colors_info=\u00bb{}\u00bb]<\/p>\n<h1><b>PROGRAMA ONLINE \u201cRESET DE FOCO\u201d<\/b><\/h1>\n<p>[\/et_pb_text][et_pb_text _builder_version=\u00bb4.27.4&#8243; _module_preset=\u00bbdefault\u00bb text_text_color=\u00bb#FFFFFF\u00bb text_font_size=\u00bb20px\u00bb text_orientation=\u00bbcenter\u00bb min_height=\u00bb31.8px\u00bb custom_margin=\u00bb-20px||||false|false\u00bb global_colors_info=\u00bb{}\u00bb]<\/p>\n<p><i><span style=\"font-weight: 400;\">4 semanas para volver al eje y accionar con claridad<br \/><\/span><\/i><\/p>\n<p>[\/et_pb_text][et_pb_text _builder_version=\u00bb4.27.4&#8243; _module_preset=\u00bbdefault\u00bb text_text_color=\u00bb#FFFFFF\u00bb text_font_size=\u00bb17px\u00bb text_orientation=\u00bbcenter\u00bb min_height=\u00bb30.8px\u00bb custom_margin=\u00bb-8px||||false|false\u00bb global_colors_info=\u00bb{}\u00bb]<\/p>\n<p><b>Promesa:<\/b><span style=\"font-weight: 400;\">\u00a0<\/span>En solo 4 semanas vas a construir un <strong>sistema personal de foco y acci\u00f3n<\/strong> que no dependa de tu estado de \u00e1nimo, sino de tu <strong>entrenamiento mental.<\/strong><\/p>\n<p>[\/et_pb_text][et_pb_text _builder_version=\u00bb4.27.4&#8243; _module_preset=\u00bbdefault\u00bb text_font_size=\u00bb19px\u00bb text_text_color=\u00bb#FFFFFF\u00bb text_font=\u00bb||||||||\u00bb hover_enabled=\u00bb0&#8243; sticky_enabled=\u00bb0&#8243; custom_margin=\u00bb16px||||false|false\u00bb]<\/p>\n<p style=\"text-align: center;\"><strong>M\u00f3dulos del Programa<\/strong><\/p>\n<p>[\/et_pb_text][et_pb_text _builder_version=\u00bb4.27.4&#8243; _module_preset=\u00bbdefault\u00bb text_text_color=\u00bb#FFFFFF\u00bb text_font_size=\u00bb17px\u00bb text_orientation=\u00bbcenter\u00bb min_height=\u00bb30.8px\u00bb custom_margin=\u00bb-11px||||false|false\u00bb hover_enabled=\u00bb0&#8243; global_colors_info=\u00bb{}\u00bb sticky_enabled=\u00bb0&#8243;]<\/p>\n<p style=\"text-align: center;\"><span style=\"font-weight: 400;\"><strong>\u00a0 \u00a0 Semana 1<\/strong> \u2013 Claridad mental: c\u00f3mo entrenar tu atenci\u00f3n y calmar la dispersi\u00f3n.<br \/><strong>\u00a0 \u00a0 \u00a0 Semana 2<\/strong> \u2013 Claridad de metas y mapas: transformar ideas en direcci\u00f3n concreta.<br \/><strong>\u00a0 \u00a0 \u00a0 Semana 3<\/strong> \u2013 H\u00e1bitos m\u00ednimos: microacciones diarias para mantener consistencia.<br \/><strong>\u00a0 \u00a0 \u00a0 \u00a0 \u00a0 \u00a0 \u00a0 \u00a0 \u00a0Semana 4<\/strong> \u2013 Tablero &amp; revisi\u00f3n anti-procrastinaci\u00f3n: integrar todo y sostener el cambio.<br \/><\/span><\/p>\n<p>[\/et_pb_text][et_pb_text _builder_version=\u00bb4.27.4&#8243; _module_preset=\u00bbdefault\u00bb text_text_color=\u00bb#FFFFFF\u00bb text_font_size=\u00bb18px\u00bb hover_enabled=\u00bb0&#8243; global_colors_info=\u00bb{}\u00bb sticky_enabled=\u00bb0&#8243;]<\/p>\n<p style=\"text-align: center;\"><b>Incluye:<\/b><\/p>\n<p>[\/et_pb_text][et_pb_text _builder_version=\u00bb4.27.4&#8243; _module_preset=\u00bbdefault\u00bb text_text_color=\u00bb#FFFFFF\u00bb text_font_size=\u00bb16px\u00bb custom_margin=\u00bb|||233px|false|false\u00bb hover_enabled=\u00bb0&#8243; global_colors_info=\u00bb{}\u00bb sticky_enabled=\u00bb0&#8243;]<\/p>\n<ul>\n<li style=\"text-align: justify;\"><span style=\"font-weight: 400;\">Videos breves y pr\u00e1cticos.<\/span><\/li>\n<li style=\"text-align: justify;\"><span style=\"font-weight: 400;\">Planillas descargables y tablero de foco.<\/span><\/li>\n<li style=\"text-align: justify;\"><span style=\"font-weight: 400;\">Espacio de comunidad y acompa\u00f1amiento.<\/span><\/li>\n<li style=\"text-align: justify;\"><span style=\"font-weight: 400;\">Sesi\u00f3n mensual de preguntas y respuestas en vivo<\/span><\/li>\n<\/ul>\n<p>[\/et_pb_text][et_pb_button button_url=\u00bbhttps:\/\/api.whatsapp.com\/send\/?phone=595972638242&#038;text&#038;type=phone_number&#038;app_absent=0&#8243; button_text=\u00bbSumarme al programa RESET\u00bb _builder_version=\u00bb4.27.4&#8243; _module_preset=\u00bbdefault\u00bb custom_button=\u00bbon\u00bb button_text_size=\u00bb24px\u00bb button_text_color=\u00bb#FFFFFF\u00bb button_bg_color=\u00bb#000856&#8243; button_border_color=\u00bb#000856&#8243; button_font=\u00bbTimes New Roman||||||||\u00bb custom_margin=\u00bb38px||1px|379px|false|false\u00bb hover_enabled=\u00bb0&#8243; global_colors_info=\u00bb{}\u00bb theme_builder_area=\u00bbpost_content\u00bb sticky_enabled=\u00bb0&#8243;][\/et_pb_button][\/et_pb_column][\/et_pb_row][\/et_pb_section]<\/p>\n","protected":false},"excerpt":{"rendered":"<p>Acci\u00f3n consistente: del intento al h\u00e1bito90 minutos para entender por qu\u00e9 posterg\u00e1s y c\u00f3mo accionar desde ma\u00f1ana.\u00bfQue vas a Aprender?Esta Masterclass es una gu\u00eda pr\u00e1ctica para quienes sienten que saben lo que tienen que hacer, pero igual lo postergan.Desde la neurociencia y la pr\u00e1ctica del coaching, vas a descubrir: Por qu\u00e9 tu cerebro te lleva a procrastinar (y c\u00f3mo dejar de pelear con \u00e9l). C\u00f3mo transformar el \u201cintento\u201d en acci\u00f3n sostenida. El sistema de h\u00e1bitos m\u00ednimos instalables que pod\u00e9s aplicar desde el d\u00eda siguiente. Estrategias para mantener foco y motivaci\u00f3n sin depender de la fuerza de voluntad. Ideal para:\u00a0L\u00edderes, emprendedores y equipos que gestionan m\u00faltiples frentes y necesitan resultados sin agotamiento.Incluye:\u00a0 Workbook descargable con ejercicios guiados. Tablero de planificaci\u00f3n de h\u00e1bitos. Gu\u00eda + guion anti-procrastinaci\u00f3n. Resultado de la experiencia. Sal\u00eds con una hoja de ruta concreta para convertir la intenci\u00f3n en acci\u00f3n diaria \u2014y entender c\u00f3mo usar tu cerebro a tu favor para lograrlo. PROGRAMA ONLINE \u201cRESET DE FOCO\u201d4 semanas para volver al eje y accionar con claridadPromesa:\u00a0En solo 4 semanas vas a construir un sistema personal de foco y acci\u00f3n que no dependa de tu estado de \u00e1nimo, sino de tu entrenamiento mental.M\u00f3dulos del Programa\u00a0 \u00a0 Semana 1 \u2013 [&hellip;]<\/p>\n","protected":false},"author":1,"featured_media":0,"parent":0,"menu_order":0,"comment_status":"closed","ping_status":"closed","template":"","meta":{"_et_pb_use_builder":"on","_et_pb_old_content":"","_et_gb_content_width":"","footnotes":""},"class_list":["post-88","page","type-page","status-publish","hentry"],"_links":{"self":[{"href":"https:\/\/laurentischlerneurocoach.com\/index.php\/wp-json\/wp\/v2\/pages\/88","targetHints":{"allow":["GET"]}}],"collection":[{"href":"https:\/\/laurentischlerneurocoach.com\/index.php\/wp-json\/wp\/v2\/pages"}],"about":[{"href":"https:\/\/laurentischlerneurocoach.com\/index.php\/wp-json\/wp\/v2\/types\/page"}],"author":[{"embeddable":true,"href":"https:\/\/laurentischlerneurocoach.com\/index.php\/wp-json\/wp\/v2\/users\/1"}],"replies":[{"embeddable":true,"href":"https:\/\/laurentischlerneurocoach.com\/index.php\/wp-json\/wp\/v2\/comments?post=88"}],"version-history":[{"count":14,"href":"https:\/\/laurentischlerneurocoach.com\/index.php\/wp-json\/wp\/v2\/pages\/88\/revisions"}],"predecessor-version":[{"id":308,"href":"https:\/\/laurentischlerneurocoach.com\/index.php\/wp-json\/wp\/v2\/pages\/88\/revisions\/308"}],"wp:attachment":[{"href":"https:\/\/laurentischlerneurocoach.com\/index.php\/wp-json\/wp\/v2\/media?parent=88"}],"curies":[{"name":"wp","href":"https:\/\/api.w.org\/{rel}","templated":true}]}}