{"id":77,"date":"2025-09-24T16:57:36","date_gmt":"2025-09-24T14:57:36","guid":{"rendered":"https:\/\/laurentischlerneurocoach.com\/?page_id=77"},"modified":"2025-10-22T19:35:51","modified_gmt":"2025-10-22T17:35:51","slug":"agenda-11","status":"publish","type":"page","link":"https:\/\/laurentischlerneurocoach.com\/index.php\/agenda-11\/","title":{"rendered":"AGENDA 1:1"},"content":{"rendered":"<p>[et_pb_section fb_built=\u00bb1&#8243; _builder_version=\u00bb4.27.4&#8243; _module_preset=\u00bbdefault\u00bb custom_padding=\u00bb0px||||false|false\u00bb global_colors_info=\u00bb{}\u00bb][et_pb_row _builder_version=\u00bb4.27.4&#8243; _module_preset=\u00bbdefault\u00bb global_colors_info=\u00bb{}\u00bb][et_pb_column type=\u00bb4_4&#8243; _builder_version=\u00bb4.27.4&#8243; _module_preset=\u00bbdefault\u00bb global_colors_info=\u00bb{}\u00bb][et_pb_text _builder_version=\u00bb4.27.4&#8243; _module_preset=\u00bbdefault\u00bb text_font=\u00bbTimes New Roman|600|||||||\u00bb text_text_color=\u00bb#000000&#8243; text_font_size=\u00bb22px\u00bb text_orientation=\u00bbcenter\u00bb min_height=\u00bb32.8px\u00bb global_colors_info=\u00bb{}\u00bb]<\/p>\n<p>AGENDA TU PROCESO 1:1 CON LAUREN<\/p>\n<p>[\/et_pb_text][et_pb_image src=\u00bbhttps:\/\/laurentischlerneurocoach.com\/wp-content\/uploads\/2025\/10\/DSC_4821-Editar-scaled.jpg\u00bb title_text=\u00bbDSC_4821-Editar\u00bb _builder_version=\u00bb4.27.4&#8243; _module_preset=\u00bbdefault\u00bb width=\u00bb45%\u00bb module_alignment=\u00bbcenter\u00bb border_radii=\u00bbon|15px|15px|15px|15px\u00bb global_colors_info=\u00bb{}\u00bb][\/et_pb_image][\/et_pb_column][\/et_pb_row][et_pb_row _builder_version=\u00bb4.27.4&#8243; _module_preset=\u00bbdefault\u00bb global_colors_info=\u00bb{}\u00bb][et_pb_column type=\u00bb4_4&#8243; _builder_version=\u00bb4.27.4&#8243; _module_preset=\u00bbdefault\u00bb global_colors_info=\u00bb{}\u00bb][et_pb_text _builder_version=\u00bb4.27.4&#8243; _module_preset=\u00bbdefault\u00bb text_font=\u00bbTimes New Roman||||||||\u00bb text_text_color=\u00bb#000000&#8243; text_font_size=\u00bb19px\u00bb text_line_height=\u00bb1.8em\u00bb background_color=\u00bb#c3d3db\u00bb text_orientation=\u00bbcenter\u00bb hover_enabled=\u00bb0&#8243; global_colors_info=\u00bb{}\u00bb sticky_enabled=\u00bb0&#8243;]<\/p>\n<p>Cupos limitados por calidad del proceso. Eleg\u00ed el horario y complet\u00e1 tu mini-diagn\u00f3stico.<\/p>\n<p>[\/et_pb_text][et_pb_text _builder_version=\u00bb4.27.4&#8243; _module_preset=\u00bbdefault\u00bb text_font=\u00bbPoppins||||||||\u00bb text_text_color=\u00bb#000000&#8243; text_font_size=\u00bb17px\u00bb global_colors_info=\u00bb{}\u00bb]<\/p>\n<p>Un acompa\u00f1amiento dise\u00f1ado a tu medida, para dejar de postergar y accionar con prop\u00f3sito.<br \/>Este espacio est\u00e1 creado para mujeres que desean avanzar con claridad, foco y bienestar, integrando herramientas de neurociencia, coaching y PNL para lograr cambios reales y sostenibles.<\/p>\n<p>[\/et_pb_text][et_pb_text _builder_version=\u00bb4.27.4&#8243; _module_preset=\u00bbdefault\u00bb hover_enabled=\u00bb0&#8243; sticky_enabled=\u00bb0&#8243; background_color=\u00bb#c3d3db\u00bb text_orientation=\u00bbcenter\u00bb text_font_size=\u00bb21px\u00bb text_text_color=\u00bb#000000&#8243; text_font=\u00bbInria Serif||||||||\u00bb]<\/p>\n<p>\u00bfEn qu\u00e9 consiste?<\/p>\n<p>[\/et_pb_text][et_pb_text _builder_version=\u00bb4.27.4&#8243; _module_preset=\u00bbdefault\u00bb text_font=\u00bbPoppins||||||||\u00bb text_text_color=\u00bb#000000&#8243; text_font_size=\u00bb17px\u00bb global_colors_info=\u00bb{}\u00bb]<\/p>\n<p>El proceso comienza con una sesi\u00f3n inicial de diagn\u00f3stico, donde exploramos tu situaci\u00f3n actual, tus objetivos y los bloqueos que te est\u00e1n frenando.<br \/>A partir de esa primera sesi\u00f3n, definimos juntas el plan de acompa\u00f1amiento m\u00e1s adecuado para vos \u2014porque cada mente, historia y ritmo de cambio es \u00fanico.<\/p>\n<p>[\/et_pb_text][et_pb_text _builder_version=\u00bb4.27.4&#8243; _module_preset=\u00bbdefault\u00bb background_color=\u00bb#c3d3db\u00bb text_font_size=\u00bb19px\u00bb text_font=\u00bbInria Serif||||||||\u00bb text_text_color=\u00bb#000000&#8243; hover_enabled=\u00bb0&#8243; sticky_enabled=\u00bb0&#8243;]<\/p>\n<p>Durante el proceso trabajamos en:<\/p>\n<p>[\/et_pb_text][et_pb_text _builder_version=\u00bb4.27.4&#8243; _module_preset=\u00bbdefault\u00bb text_font=\u00bbPoppins||||||||\u00bb text_text_color=\u00bb#000000&#8243; text_font_size=\u00bb17px\u00bb global_colors_info=\u00bb{}\u00bb]<\/p>\n<ul>\n<li>Identificar y transformar pensamientos limitantes.<\/li>\n<li>Entrenar la atenci\u00f3n, la emoci\u00f3n y la acci\u00f3n desde la neurociencia.<\/li>\n<li>Desarrollar nuevos h\u00e1bitos mentales y conductuales.<\/li>\n<li>Conectar con tu prop\u00f3sito y sostener decisiones con coherencia.<\/li>\n<\/ul>\n<p>[\/et_pb_text][et_pb_text _builder_version=\u00bb4.27.4&#8243; _module_preset=\u00bbdefault\u00bb hover_enabled=\u00bb0&#8243; sticky_enabled=\u00bb0&#8243; background_color=\u00bb#c3d3db\u00bb text_font_size=\u00bb22px\u00bb text_text_color=\u00bb#000000&#8243; text_font=\u00bbInria Serif||||||||\u00bb]<\/p>\n<p>Este proceso es para vos si:<\/p>\n<p>[\/et_pb_text][et_pb_text _builder_version=\u00bb4.27.4&#8243; _module_preset=\u00bbdefault\u00bb text_font=\u00bbPoppins||||||||\u00bb text_text_color=\u00bb#000000&#8243; text_font_size=\u00bb17px\u00bb global_colors_info=\u00bb{}\u00bb]<\/p>\n<ul>\n<li>Sab\u00e9s lo que quer\u00e9s, pero te cuesta sostener el foco.<\/li>\n<li>Sent\u00eds que posterg\u00e1s o dud\u00e1s incluso cuando ten\u00e9s claridad.<\/li>\n<li>Quer\u00e9s aprender a accionar sin exigencia ni culpa.<\/li>\n<li>Busc\u00e1s un acompa\u00f1amiento que combine ciencia, empat\u00eda y resultados.<\/li>\n<\/ul>\n<p>[\/et_pb_text][et_pb_text _builder_version=\u00bb4.27.4&#8243; _module_preset=\u00bbdefault\u00bb background_color=\u00bb#c3d3db\u00bb hover_enabled=\u00bb0&#8243; sticky_enabled=\u00bb0&#8243; text_font_size=\u00bb23px\u00bb text_text_color=\u00bb#000000&#8243; text_font=\u00bbInria Serif||||||||\u00bb]<\/p>\n<p>Que vas a lograr:<\/p>\n<p>[\/et_pb_text][et_pb_text _builder_version=\u00bb4.27.4&#8243; _module_preset=\u00bbdefault\u00bb text_font=\u00bbPoppins||||||||\u00bb text_text_color=\u00bb#000000&#8243; text_font_size=\u00bb17px\u00bb global_colors_info=\u00bb{}\u00bb]<\/p>\n<ul>\n<li>M\u00e1s claridad para tomar decisiones con confianza.<\/li>\n<li>H\u00e1bitos mentales que impulsan acci\u00f3n sostenida.<\/li>\n<li>Mayor bienestar emocional y enfoque diario.<\/li>\n<li>Un m\u00e9todo personal para accionar con coherencia.<\/li>\n<\/ul>\n<p>[\/et_pb_text][et_pb_text _builder_version=\u00bb4.27.4&#8243; _module_preset=\u00bbdefault\u00bb text_font_size=\u00bb23px\u00bb text_font=\u00bbInria Serif||||||||\u00bb hover_enabled=\u00bb0&#8243; sticky_enabled=\u00bb0&#8243; text_text_color=\u00bb#000000&#8243; background_color=\u00bb#c3d3db\u00bb]<\/p>\n<p>C\u00f3mo funciona:<\/p>\n<p>[\/et_pb_text][et_pb_text _builder_version=\u00bb4.27.4&#8243; _module_preset=\u00bbdefault\u00bb text_font=\u00bbPoppins||||||||\u00bb text_text_color=\u00bb#000000&#8243; text_font_size=\u00bb17px\u00bb global_colors_info=\u00bb{}\u00bb]<\/p>\n<ul>\n<li>Reserv\u00e1s tu sesi\u00f3n inicial.<\/li>\n<li>Complet\u00e1s un mini diagn\u00f3stico previo.<\/li>\n<li>En la primera sesi\u00f3n definimos juntas el plan de acompa\u00f1amiento ideal para vos.<\/li>\n<li>Los cupos son limitados para garantizar un proceso personalizado y de calidad.<\/li>\n<\/ul>\n<p>&nbsp;<\/p>\n<p>[\/et_pb_text][et_pb_button button_text=\u00bbReservar mi sesi\u00f3n inicial\u00bb _builder_version=\u00bb4.27.4&#8243; _module_preset=\u00bbdefault\u00bb custom_button=\u00bbon\u00bb button_text_color=\u00bb#FFFFFF\u00bb button_bg_color=\u00bb#000856&#8243; button_border_color=\u00bb#000856&#8243; global_colors_info=\u00bb{}\u00bb][\/et_pb_button][et_pb_text _builder_version=\u00bb4.27.4&#8243; _module_preset=\u00bbdefault\u00bb text_font=\u00bbTimes New Roman|||on|||||\u00bb text_text_color=\u00bb#000000&#8243; text_font_size=\u00bb23px\u00bb text_orientation=\u00bbcenter\u00bb global_colors_info=\u00bb{}\u00bb]<\/p>\n<p>No se trata de tenerlo todo resuelto antes de empezar, sino de dar el primer paso con claridad y acompa\u00f1amiento.<\/p>\n<p>[\/et_pb_text][\/et_pb_column][\/et_pb_row][\/et_pb_section]<\/p>\n","protected":false},"excerpt":{"rendered":"<p>AGENDA TU PROCESO 1:1 CON LAURENCupos limitados por calidad del proceso. Eleg\u00ed el horario y complet\u00e1 tu mini-diagn\u00f3stico.Un acompa\u00f1amiento dise\u00f1ado a tu medida, para dejar de postergar y accionar con prop\u00f3sito.Este espacio est\u00e1 creado para mujeres que desean avanzar con claridad, foco y bienestar, integrando herramientas de neurociencia, coaching y PNL para lograr cambios reales y sostenibles.\u00bfEn qu\u00e9 consiste?El proceso comienza con una sesi\u00f3n inicial de diagn\u00f3stico, donde exploramos tu situaci\u00f3n actual, tus objetivos y los bloqueos que te est\u00e1n frenando.A partir de esa primera sesi\u00f3n, definimos juntas el plan de acompa\u00f1amiento m\u00e1s adecuado para vos \u2014porque cada mente, historia y ritmo de cambio es \u00fanico.Durante el proceso trabajamos en: Identificar y transformar pensamientos limitantes. Entrenar la atenci\u00f3n, la emoci\u00f3n y la acci\u00f3n desde la neurociencia. Desarrollar nuevos h\u00e1bitos mentales y conductuales. Conectar con tu prop\u00f3sito y sostener decisiones con coherencia. Este proceso es para vos si: Sab\u00e9s lo que quer\u00e9s, pero te cuesta sostener el foco. Sent\u00eds que posterg\u00e1s o dud\u00e1s incluso cuando ten\u00e9s claridad. Quer\u00e9s aprender a accionar sin exigencia ni culpa. Busc\u00e1s un acompa\u00f1amiento que combine ciencia, empat\u00eda y resultados. Que vas a lograr: M\u00e1s claridad para tomar decisiones con confianza. H\u00e1bitos mentales que impulsan acci\u00f3n sostenida. [&hellip;]<\/p>\n","protected":false},"author":1,"featured_media":0,"parent":0,"menu_order":0,"comment_status":"closed","ping_status":"closed","template":"","meta":{"_et_pb_use_builder":"on","_et_pb_old_content":"","_et_gb_content_width":"","footnotes":""},"class_list":["post-77","page","type-page","status-publish","hentry"],"_links":{"self":[{"href":"https:\/\/laurentischlerneurocoach.com\/index.php\/wp-json\/wp\/v2\/pages\/77","targetHints":{"allow":["GET"]}}],"collection":[{"href":"https:\/\/laurentischlerneurocoach.com\/index.php\/wp-json\/wp\/v2\/pages"}],"about":[{"href":"https:\/\/laurentischlerneurocoach.com\/index.php\/wp-json\/wp\/v2\/types\/page"}],"author":[{"embeddable":true,"href":"https:\/\/laurentischlerneurocoach.com\/index.php\/wp-json\/wp\/v2\/users\/1"}],"replies":[{"embeddable":true,"href":"https:\/\/laurentischlerneurocoach.com\/index.php\/wp-json\/wp\/v2\/comments?post=77"}],"version-history":[{"count":16,"href":"https:\/\/laurentischlerneurocoach.com\/index.php\/wp-json\/wp\/v2\/pages\/77\/revisions"}],"predecessor-version":[{"id":378,"href":"https:\/\/laurentischlerneurocoach.com\/index.php\/wp-json\/wp\/v2\/pages\/77\/revisions\/378"}],"wp:attachment":[{"href":"https:\/\/laurentischlerneurocoach.com\/index.php\/wp-json\/wp\/v2\/media?parent=77"}],"curies":[{"name":"wp","href":"https:\/\/api.w.org\/{rel}","templated":true}]}}